{"id":123,"date":"2021-02-18T10:29:33","date_gmt":"2021-02-18T15:29:33","guid":{"rendered":"http:\/\/dypsioncompany.com\/zcombiltda.com\/?page_id=123"},"modified":"2021-06-01T10:36:18","modified_gmt":"2021-06-01T15:36:18","slug":"alquiler","status":"publish","type":"page","link":"https:\/\/combiltda.com\/2021\/alquiler\/","title":{"rendered":"ALQUILER DE BA\u00d1OS PORTATILES PRECIOS"},"content":{"rendered":"<p>[vc_row layout=\u00bbboxed\u00bb][vc_column width=\u00bb1\/2&#8243;][vc_images_carousel images=\u00bb1120,1121,1122,1128,1123,1124,1126,1127,1129&#8243; img_size=\u00bb500&#215;500&#8243; autoplay=\u00bbyes\u00bb hide_pagination_control=\u00bbyes\u00bb wrap=\u00bbyes\u00bb css_animation=\u00bbfadeInUpBig\u00bb title=\u00bbGALERIA DE IM\u00c1GENES\u00bb][vc_empty_space height=\u00bb72px\u00bb][\/vc_column][vc_column width=\u00bb1\/2&#8243;]\t\t\t<div\n\t\t\t\tclass=\"darna-icon-box style3 \" >\n\t\t\t\t<a class=\"ibox-icon\" title=\"\"\n\t\t\t\t   target=\"_self\" href=\"#\">\n\t\t\t\t\t\t\t\t\t\t\t<i class=\"fa fa-suitcase\"><\/i>\n\t\t\t\t\t\t\t\t\t<\/a>\n\t\t\t\t\t\t\t\t\t<h3><a title=\"\" target=\"_self\"\n\t\t\t\t\t       href=\"#\">ALQUILER DE BA\u00d1O PJN3<\/a><\/h3>\n\t\t\t\t\t\t\t\t\t<p>Alquiler de Ba\u00f1o Optimizado para un m\u00e1xima durabilidad.<\/p>\n\t\t\t\t\t\t\t<\/div>\n\t\t\t[vc_column_text el_class=\u00bbmargin-botton:130&#8243;]<\/p>\n<ul>\n<li>\u00a1El sanitario port\u00e1til m\u00e1s resistente en el mercado con el espacio interior m\u00e1s grande!<\/li>\n<li>De apariencia estilizada y con estilo, dise\u00f1ado teniendo en cuenta el usuario final.<\/li>\n<li>Superficies interiores lisas f\u00e1ciles de limpiar.<\/li>\n<\/ul>\n<h3>OTRAS CARACTER\u00cdSTICAS DE BA\u00d1OS<\/h3>\n<ul>\n<li>El pie removible permite la sustituci\u00f3n econ\u00f3mica cuando se utiliza.<\/li>\n<li>El tanque angular aumenta la amplitud y el espacio interior.<\/li>\n<li>El montaje r\u00e1pido y sencillo requiere solamente una bolsa \u00abs\u00e1ndwich\u00bb de partes mec\u00e1nicas<\/li>\n<li>Manijas moldeadas y entrada para montacargas en los cuatro lados proporcionan transporte sin inconvenientes<\/li>\n<li>Urinal y dispensador de papel higi\u00e9nico incluidos<\/li>\n<li>Espejo y manija para sostenerse en el aire opcionales<\/li>\n<li>Vida media que supera los 10 a\u00f1os<\/li>\n<\/ul>\n<p>[\/vc_column_text][vc_empty_space][vc_row_inner][vc_column_inner el_class=\u00bbtext-align-center\u00bb]\t\t\t\t\t\t<a class=\"darna-button size-md style1 icon-left  align:center\"\n\t\t\t   href=\"https:\/\/combiltda.com\/2021\/cotizacion-combi\/\"\n\t\t\t   title=\"SOLICITAR COTIZACI\u00d3N\"\n\t\t\t   target=\"_self\"\n\t\t\t\t>\n\t\t\t\tSOLICITAR COTIZACI\u00d3N\t\t\t<\/a>\n\t\t\t\t\t\t\t\t\t\t\t<a class=\"darna-button size-md style3 icon-left  \"\n\t\t\t   href=\"https:\/\/combiltda.com\/2021\/pdf\/PJN3-1000_parts1.pdf\"\n\t\t\t   title=\"FICHA T\u00c9CNICA\"\n\t\t\t   target=\"_self\"\n\t\t\t\t>\n\t\t\t\tFICHA T\u00c9CNICA\t\t\t<\/a>\n\t\t\t\t\t[\/vc_column_inner][\/vc_row_inner][vc_empty_space height=\u00bb92px\u00bb][\/vc_column][\/vc_row][vc_row layout=\u00bbcontainer-fluid\u00bb css=\u00bb.vc_custom_1614893606284{background-image: url(http:\/\/dypsioncompany.com\/zcombiltda.com\/wp-content\/uploads\/2021\/03\/banner-combi-img-24-1920-700.jpg?id=1046) !important;background-position: center !important;background-repeat: no-repeat !important;background-size: cover !important;}\u00bb][vc_column][vc_empty_space height=\u00bb72px\u00bb][vc_row_inner][vc_column_inner width=\u00bb1\/3&#8243;][vc_empty_space height=\u00bb103px\u00bb][vc_single_image image=\u00bb1132&#8243; img_size=\u00bb\u00bb alignment=\u00bbcenter\u00bb el_class=\u00bbmargin-top-100&#8243;][vc_empty_space][\/vc_column_inner][vc_column_inner width=\u00bb1\/3&#8243;][vc_column_text]PRECIOS DE:<\/p>\n<p><span style=\"color: #0000ff;\">alquiler de ba\u00f1os portatiles<\/span><br \/>\n<span style=\"color: #0000ff;\">ba\u00f1os port\u00e1tiles alquiler<\/span><br \/>\n<span style=\"color: #0000ff;\">sanitarios portatiles precios<\/span><br \/>\n<span style=\"color: #0000ff;\">alquiler ba\u00f1os port\u00e1tiles para bodas<\/span><br \/>\n<span style=\"color: #0000ff;\">alquiler de ba\u00f1os port\u00e1tiles precio<\/span><br \/>\n<span style=\"color: #0000ff;\">ba\u00f1os moviles alquiler<\/span><br \/>\n<span style=\"color: #0000ff;\">alquiler duchas portatiles<\/span><br \/>\n<span style=\"color: #0000ff;\">alquiler vactor precio<\/span><br \/>\n<span style=\"color: #0000ff;\">servicio de vactor<\/span><br \/>\n<span style=\"color: #0000ff;\">Limpieza de Pozos S\u00e9pticos<\/span>[\/vc_column_text][\/vc_column_inner][vc_column_inner width=\u00bb1\/3&#8243; css=\u00bb.vc_custom_1614893148569{padding-top: 63px !important;}\u00bb]\t\t\t<div\n\t\t\t\tclass=\"darna-icon-box style6  wpb_animate_when_almost_visible g5plus-css-animation wpb_fadeInUp\" >\n\t\t\t\t<a class=\"ibox-icon\" title=\"Cotizaci\u00f3n Combi\"\n\t\t\t\t   target=\"_self\" href=\"http:\/\/dypsioncompany.com\/zcombiltda.com\/cotizacion-combi\/\">\n\t\t\t\t\t\t\t\t\t\t\t<i class=\"fa fa-suitcase\"><\/i>\n\t\t\t\t\t\t\t\t\t<\/a>\n\t\t\t\t\t\t\t\t\t<h3><a title=\"Cotizaci\u00f3n Combi\" target=\"_self\"\n\t\t\t\t\t       href=\"http:\/\/dypsioncompany.com\/zcombiltda.com\/cotizacion-combi\/\">BA\u00d1OS, LAVAMANOS, DUCHAS<\/a><\/h3>\n\t\t\t\t\t\t\t<\/div>\n\t\t\t[\/vc_column_inner][\/vc_row_inner][vc_empty_space height=\u00bb72px\u00bb][\/vc_column][\/vc_row][vc_row][vc_column][vc_empty_space height=\u00bb92px\u00bb][\/vc_column][\/vc_row][vc_row layout=\u00bbcontainer-fluid\u00bb el_id=\u00bbcotizacion-banos-combi\u00bb css=\u00bb.vc_custom_1620836647708{margin-bottom: 120px !important;}\u00bb][vc_column width=\u00bb1\/4&#8243;][vc_single_image image=\u00bb1058&#8243; img_size=\u00bb\u00bb][\/vc_column][vc_column width=\u00bb3\/4&#8243;][vc_raw_html]JTNDaWZyYW1lJTIwc3JjJTNEJTIyaHR0cHMlM0ElMkYlMkZkb2NzLmdvb2dsZS5jb20lMkZmb3JtcyUyRmQlMkZlJTJGMUZBSXBRTFNjS2IyNU81RkN5NXFOci1PYVd6d1kzbnVGLXpZX1NvX3J0MlZRV21kU0N4ZTdyV1ElMkZ2aWV3Zm9ybSUzRmVtYmVkZGVkJTNEdHJ1ZSUyMiUyMHdpZHRoJTNEJTIyODQwJTIyJTIwaGVpZ2h0JTNEJTIyNzkwJTIyJTIwZnJhbWVib3JkZXIlM0QlMjIwJTIyJTIwbWFyZ2luaGVpZ2h0JTNEJTIyMCUyMiUyMG1hcmdpbndpZHRoJTNEJTIyMCUyMiUzRUNhcmdhbmRvJUUyJTgwJUE2JTNDJTJGaWZyYW1lJTNF[\/vc_raw_html][vc_empty_space height=\u00bb92px\u00bb][\/vc_column][\/vc_row][vc_row layout=\u00bbcontainer-fluid\u00bb css=\u00bb.vc_custom_1614892705994{background-image: url(http:\/\/dypsioncompany.com\/zcombiltda.com\/wp-content\/uploads\/2021\/03\/SERV-ALQUILER-BANOS-fila_fleet-2.jpg?id=1131) !important;background-position: center !important;background-repeat: no-repeat !important;background-size: cover !important;}\u00bb][vc_column][vc_empty_space height=\u00bb72px\u00bb][vc_row_inner][vc_column_inner width=\u00bb1\/3&#8243; css=\u00bb.vc_custom_1614893148569{padding-top: 63px !important;}\u00bb][\/vc_column_inner][vc_column_inner width=\u00bb1\/3&#8243;][vc_single_image image=\u00bb1058&#8243; img_size=\u00bb\u00bb alignment=\u00bbcenter\u00bb el_class=\u00bbmargin-top-100&#8243;][\/vc_column_inner][vc_column_inner width=\u00bb1\/3&#8243;][vc_empty_space height=\u00bb203px\u00bb]\t\t\t<div\n\t\t\t\tclass=\"darna-icon-box style6 \" >\n\t\t\t\t<a class=\"ibox-icon\" title=\"Cotizaci\u00f3n Combi\"\n\t\t\t\t   target=\"_self\" href=\"http:\/\/dypsioncompany.com\/zcombiltda.com\/cotizacion-combi\/\">\n\t\t\t\t\t\t\t\t\t\t\t<i class=\"fa fa-suitcase\"><\/i>\n\t\t\t\t\t\t\t\t\t<\/a>\n\t\t\t\t\t\t\t\t\t<h3><a title=\"Cotizaci\u00f3n Combi\" target=\"_self\"\n\t\t\t\t\t       href=\"http:\/\/dypsioncompany.com\/zcombiltda.com\/cotizacion-combi\/\">ALTA CAPACIDAD DE RESPUESTA<\/a><\/h3>\n\t\t\t\t\t\t\t\t\t<p>Solicite su Cotizaci\u00f3n<\/p>\n\t\t\t\t\t\t\t<\/div>\n\t\t\t[vc_empty_space][vc_single_image image=\u00bb1153&#8243; img_size=\u00bbfull\u00bb][vc_empty_space][\/vc_column_inner][\/vc_row_inner][\/vc_column][\/vc_row][vc_row][vc_column][vc_empty_space height=\u00bb92px\u00bb][\/vc_column][\/vc_row][vc_row layout=\u00bbboxed\u00bb][vc_column width=\u00bb1\/2&#8243;][vc_images_carousel images=\u00bb1120,1121,1122,1128,1123,1124,1126,1127,1129&#8243; img_size=\u00bb500&#215;500&#8243; autoplay=\u00bbyes\u00bb hide_pagination_control=\u00bbyes\u00bb wrap=\u00bbyes\u00bb css_animation=\u00bbfadeInUpBig\u00bb title=\u00bbGALERIA DE IM\u00c1GENES\u00bb][vc_empty_space height=\u00bb72px\u00bb][\/vc_column][vc_column width=\u00bb1\/2&#8243;]\t\t\t<div\n\t\t\t\tclass=\"darna-icon-box style3 \" >\n\t\t\t\t<a class=\"ibox-icon\" title=\"\"\n\t\t\t\t   target=\"_self\" href=\"#\">\n\t\t\t\t\t\t\t\t\t\t\t<i class=\"fa fa-suitcase\"><\/i>\n\t\t\t\t\t\t\t\t\t<\/a>\n\t\t\t\t\t\t\t\t\t<h3><a title=\"\" target=\"_self\"\n\t\t\t\t\t       href=\"#\">ALQUILER DE BA\u00d1O FLEET<\/a><\/h3>\n\t\t\t\t\t\t\t\t\t<p>Con mas espacio interior, incluido el lavamanos interior urinal antisalpicaduras<\/p>\n\t\t\t\t\t\t\t<\/div>\n\t\t\t[vc_column_text el_class=\u00bbmargin-botton:130&#8243;]<\/p>\n<h2>La opci\u00f3n de descarga<\/h2>\n<ul>\n<li>Se utiliza agua limpia del dep\u00f3sito del lavamanos para la descarga de la unidad y<\/li>\n<li>Se convierte f\u00e1cilmente para recircular cuando es necesario.<\/li>\n<\/ul>\n<h3>M\u00e1s Caracter\u00edsticas<\/h3>\n<p>La configuraci\u00f3n angular est\u00e1 dise\u00f1ada para el uso eficaz del espacio interior, incluido el lavamanos interior Fleet y compacto urinal antisalpicaduras. El tanque de descarga con sistema est\u00e1tico y recirculante posee un sumidero profundo y est\u00e1 desplazado para proporcionar espacio para todos, incluidas las piernas largas, los tapados grandes y los vestidos de gala.[\/vc_column_text][vc_empty_space][vc_row_inner][vc_column_inner el_class=\u00bbtext-align-center\u00bb]\t\t\t\t\t\t<a class=\"darna-button size-md style1 icon-left  align:center\"\n\t\t\t   href=\"http:\/\/combiltda.com\/2021\/cotizacion-combi\/\"\n\t\t\t   title=\"SOLICITAR COTIZACI\u00d3N\"\n\t\t\t   target=\"_self\"\n\t\t\t\t>\n\t\t\t\tSOLICITAR COTIZACI\u00d3N\t\t\t<\/a>\n\t\t\t\t\t\t\t\t\t\t\t<a class=\"darna-button size-md style3 icon-left  \"\n\t\t\t   href=\"https:\/\/combiltda.com\/2021\/pdf\/FS3-1000_parts1.pdf\"\n\t\t\t   title=\"FICHA T\u00c9CNICA FLEET\"\n\t\t\t   target=\"_self\"\n\t\t\t\t>\n\t\t\t\tFICHA T\u00c9CNICA FLEET\t\t\t<\/a>\n\t\t\t\t\t[\/vc_column_inner][\/vc_row_inner][vc_empty_space height=\u00bb92px\u00bb][\/vc_column][\/vc_row]<\/p>\n","protected":false},"excerpt":{"rendered":"<p>[vc_row layout=\u00bbboxed\u00bb][vc_column width=\u00bb1\/2&#8243;][vc_images_carousel images=\u00bb1120,1121,1122,1128,1123,1124,1126,1127,1129&#8243; img_size=\u00bb500&#215;500&#8243; autoplay=\u00bbyes\u00bb hide_pagination_control=\u00bbyes\u00bb wrap=\u00bbyes\u00bb css_animation=\u00bbfadeInUpBig\u00bb title=\u00bbGALERIA DE IM\u00c1GENES\u00bb][vc_empty_space height=\u00bb72px\u00bb][\/vc_column][vc_column width=\u00bb1\/2&#8243;][vc_column_text el_class=\u00bbmargin-botton:130&#8243;] \u00a1El sanitario port\u00e1til m\u00e1s resistente en el mercado con el espacio interior m\u00e1s grande! De apariencia estilizada y con estilo, dise\u00f1ado teniendo en cuenta el usuario final. Superficies interiores lisas f\u00e1ciles de limpiar. OTRAS CARACTER\u00cdSTICAS DE BA\u00d1OS El pie removible [&hellip;]<\/p>\n","protected":false},"author":2,"featured_media":0,"parent":0,"menu_order":0,"comment_status":"closed","ping_status":"closed","template":"","meta":{"content-type":"","footnotes":""},"yoast_head":"<!-- This site is optimized with the Yoast SEO plugin v22.1 - https:\/\/yoast.com\/wordpress\/plugins\/seo\/ -->\n<title>ALQUILER DE BA\u00d1OS PORTATILES PRECIOS - Combi - Alquiler de Ba\u00f1os y Equipos<\/title>\n<meta name=\"robots\" content=\"index, follow, max-snippet:-1, max-image-preview:large, max-video-preview:-1\" \/>\n<link rel=\"canonical\" href=\"https:\/\/combiltda.com\/2021\/alquiler\/\" \/>\n<meta property=\"og:locale\" content=\"es_ES\" \/>\n<meta property=\"og:type\" content=\"article\" \/>\n<meta property=\"og:title\" content=\"ALQUILER DE BA\u00d1OS PORTATILES PRECIOS - Combi - Alquiler de Ba\u00f1os y Equipos\" \/>\n<meta property=\"og:description\" content=\"[vc_row layout=\u00bbboxed\u00bb][vc_column width=\u00bb1\/2&#8243;][vc_images_carousel images=\u00bb1120,1121,1122,1128,1123,1124,1126,1127,1129&#8243; img_size=\u00bb500&#215;500&#8243; autoplay=\u00bbyes\u00bb hide_pagination_control=\u00bbyes\u00bb wrap=\u00bbyes\u00bb css_animation=\u00bbfadeInUpBig\u00bb title=\u00bbGALERIA DE IM\u00c1GENES\u00bb][vc_empty_space height=\u00bb72px\u00bb][\/vc_column][vc_column width=\u00bb1\/2&#8243;][vc_column_text el_class=\u00bbmargin-botton:130&#8243;] \u00a1El sanitario port\u00e1til m\u00e1s resistente en el mercado con el espacio interior m\u00e1s grande! De apariencia estilizada y con estilo, dise\u00f1ado teniendo en cuenta el usuario final. Superficies interiores lisas f\u00e1ciles de limpiar. OTRAS CARACTER\u00cdSTICAS DE BA\u00d1OS El pie removible [&hellip;]\" \/>\n<meta property=\"og:url\" content=\"https:\/\/combiltda.com\/2021\/alquiler\/\" \/>\n<meta property=\"og:site_name\" content=\"Combi - Alquiler de Ba\u00f1os y Equipos\" \/>\n<meta property=\"article:modified_time\" content=\"2021-06-01T15:36:18+00:00\" \/>\n<meta name=\"twitter:card\" content=\"summary_large_image\" \/>\n<meta name=\"twitter:label1\" content=\"Tiempo de lectura\" \/>\n\t<meta name=\"twitter:data1\" content=\"5 minutos\" \/>\n<script type=\"application\/ld+json\" class=\"yoast-schema-graph\">{\"@context\":\"https:\/\/schema.org\",\"@graph\":[{\"@type\":\"WebPage\",\"@id\":\"https:\/\/combiltda.com\/2021\/alquiler\/\",\"url\":\"https:\/\/combiltda.com\/2021\/alquiler\/\",\"name\":\"ALQUILER DE BA\u00d1OS PORTATILES PRECIOS - Combi - Alquiler de Ba\u00f1os y Equipos\",\"isPartOf\":{\"@id\":\"https:\/\/combiltda.com\/2021\/#website\"},\"datePublished\":\"2021-02-18T15:29:33+00:00\",\"dateModified\":\"2021-06-01T15:36:18+00:00\",\"breadcrumb\":{\"@id\":\"https:\/\/combiltda.com\/2021\/alquiler\/#breadcrumb\"},\"inLanguage\":\"es\",\"potentialAction\":[{\"@type\":\"ReadAction\",\"target\":[\"https:\/\/combiltda.com\/2021\/alquiler\/\"]}]},{\"@type\":\"BreadcrumbList\",\"@id\":\"https:\/\/combiltda.com\/2021\/alquiler\/#breadcrumb\",\"itemListElement\":[{\"@type\":\"ListItem\",\"position\":1,\"name\":\"Portada\",\"item\":\"https:\/\/combiltda.com\/2021\/\"},{\"@type\":\"ListItem\",\"position\":2,\"name\":\"ALQUILER DE BA\u00d1OS PORTATILES PRECIOS\"}]},{\"@type\":\"WebSite\",\"@id\":\"https:\/\/combiltda.com\/2021\/#website\",\"url\":\"https:\/\/combiltda.com\/2021\/\",\"name\":\"Combi - Alquiler de Ba\u00f1os y Equipos\",\"description\":\"Colombiana De Ingenier\u00eda Combi Ltda\",\"potentialAction\":[{\"@type\":\"SearchAction\",\"target\":{\"@type\":\"EntryPoint\",\"urlTemplate\":\"https:\/\/combiltda.com\/2021\/?s={search_term_string}\"},\"query-input\":\"required name=search_term_string\"}],\"inLanguage\":\"es\"}]}<\/script>\n<!-- \/ Yoast SEO plugin. -->","yoast_head_json":{"title":"ALQUILER DE BA\u00d1OS PORTATILES PRECIOS - Combi - Alquiler de Ba\u00f1os y Equipos","robots":{"index":"index","follow":"follow","max-snippet":"max-snippet:-1","max-image-preview":"max-image-preview:large","max-video-preview":"max-video-preview:-1"},"canonical":"https:\/\/combiltda.com\/2021\/alquiler\/","og_locale":"es_ES","og_type":"article","og_title":"ALQUILER DE BA\u00d1OS PORTATILES PRECIOS - Combi - Alquiler de Ba\u00f1os y Equipos","og_description":"[vc_row layout=\u00bbboxed\u00bb][vc_column width=\u00bb1\/2&#8243;][vc_images_carousel images=\u00bb1120,1121,1122,1128,1123,1124,1126,1127,1129&#8243; img_size=\u00bb500&#215;500&#8243; autoplay=\u00bbyes\u00bb hide_pagination_control=\u00bbyes\u00bb wrap=\u00bbyes\u00bb css_animation=\u00bbfadeInUpBig\u00bb title=\u00bbGALERIA DE IM\u00c1GENES\u00bb][vc_empty_space height=\u00bb72px\u00bb][\/vc_column][vc_column width=\u00bb1\/2&#8243;][vc_column_text el_class=\u00bbmargin-botton:130&#8243;] \u00a1El sanitario port\u00e1til m\u00e1s resistente en el mercado con el espacio interior m\u00e1s grande! De apariencia estilizada y con estilo, dise\u00f1ado teniendo en cuenta el usuario final. Superficies interiores lisas f\u00e1ciles de limpiar. OTRAS CARACTER\u00cdSTICAS DE BA\u00d1OS El pie removible [&hellip;]","og_url":"https:\/\/combiltda.com\/2021\/alquiler\/","og_site_name":"Combi - Alquiler de Ba\u00f1os y Equipos","article_modified_time":"2021-06-01T15:36:18+00:00","twitter_card":"summary_large_image","twitter_misc":{"Tiempo de lectura":"5 minutos"},"schema":{"@context":"https:\/\/schema.org","@graph":[{"@type":"WebPage","@id":"https:\/\/combiltda.com\/2021\/alquiler\/","url":"https:\/\/combiltda.com\/2021\/alquiler\/","name":"ALQUILER DE BA\u00d1OS PORTATILES PRECIOS - Combi - Alquiler de Ba\u00f1os y Equipos","isPartOf":{"@id":"https:\/\/combiltda.com\/2021\/#website"},"datePublished":"2021-02-18T15:29:33+00:00","dateModified":"2021-06-01T15:36:18+00:00","breadcrumb":{"@id":"https:\/\/combiltda.com\/2021\/alquiler\/#breadcrumb"},"inLanguage":"es","potentialAction":[{"@type":"ReadAction","target":["https:\/\/combiltda.com\/2021\/alquiler\/"]}]},{"@type":"BreadcrumbList","@id":"https:\/\/combiltda.com\/2021\/alquiler\/#breadcrumb","itemListElement":[{"@type":"ListItem","position":1,"name":"Portada","item":"https:\/\/combiltda.com\/2021\/"},{"@type":"ListItem","position":2,"name":"ALQUILER DE BA\u00d1OS PORTATILES PRECIOS"}]},{"@type":"WebSite","@id":"https:\/\/combiltda.com\/2021\/#website","url":"https:\/\/combiltda.com\/2021\/","name":"Combi - Alquiler de Ba\u00f1os y Equipos","description":"Colombiana De Ingenier\u00eda Combi Ltda","potentialAction":[{"@type":"SearchAction","target":{"@type":"EntryPoint","urlTemplate":"https:\/\/combiltda.com\/2021\/?s={search_term_string}"},"query-input":"required name=search_term_string"}],"inLanguage":"es"}]}},"_links":{"self":[{"href":"https:\/\/combiltda.com\/2021\/wp-json\/wp\/v2\/pages\/123"}],"collection":[{"href":"https:\/\/combiltda.com\/2021\/wp-json\/wp\/v2\/pages"}],"about":[{"href":"https:\/\/combiltda.com\/2021\/wp-json\/wp\/v2\/types\/page"}],"author":[{"embeddable":true,"href":"https:\/\/combiltda.com\/2021\/wp-json\/wp\/v2\/users\/2"}],"replies":[{"embeddable":true,"href":"https:\/\/combiltda.com\/2021\/wp-json\/wp\/v2\/comments?post=123"}],"version-history":[{"count":7,"href":"https:\/\/combiltda.com\/2021\/wp-json\/wp\/v2\/pages\/123\/revisions"}],"predecessor-version":[{"id":1409,"href":"https:\/\/combiltda.com\/2021\/wp-json\/wp\/v2\/pages\/123\/revisions\/1409"}],"wp:attachment":[{"href":"https:\/\/combiltda.com\/2021\/wp-json\/wp\/v2\/media?parent=123"}],"curies":[{"name":"wp","href":"https:\/\/api.w.org\/{rel}","templated":true}]}}