{"id":723,"date":"2021-05-12T16:38:45","date_gmt":"2021-05-12T21:38:45","guid":{"rendered":"http:\/\/dypsioncompany.com\/zcombiltda.com\/?page_id=723"},"modified":"2021-05-12T16:49:21","modified_gmt":"2021-05-12T21:49:21","slug":"blog-combi","status":"publish","type":"page","link":"https:\/\/combiltda.com\/2021\/blog-combi\/","title":{"rendered":"BLOG COMBI"},"content":{"rendered":"<p>[vc_row parallax_style=\u00bbnone\u00bb parallax_scroll_effect=\u00bbfixed\u00bb el_class=\u00bbmargin-bottom-40&#8243;][vc_column]\t\t\t<div\n\t\t\t\tclass=\"darna-heading style1 \" >\n\t\t\t\t\t\t\t\t\t<h2>Noticias COMBI<\/h2>\n\t\t\t\t\t\t\t\t\t\t\t<\/div>\n\t\t\t[\/vc_column][\/vc_row][vc_row parallax_style=\u00bbnone\u00bb parallax_scroll_effect=\u00bbfixed\u00bb el_class=\u00bbmargin-top-100 margin-bottom-40&#8243;][vc_column][vc_empty_space height=\u00bb35px\u00bb]\t\t\t\t<div\n\t\t\t\t\tclass=\"darna-post  \" >\n\t\t\t\t\t\t\t\t\t\t\t<div class=\"row\">\n\t\t\t\t\t\t\t\t\t\t\t\t\t\t\t<div class=\"col-lg-6 col-md-6 col-sm-6  col-xs-12\">\n\t\t\t\t\t\t\t\t\t<div class=\"darna-post-item margin-bottom-30\">\n\t\t\t\t\t\t\t\t\t\t\t\t\t\t\t\t\t\t\t\t\t<div class=\"darna-post-image\">\n\t\t\t\t\t\t\t\t\t\t\t\t<div class=\"entry-thumbnail\">\n                        <a href=\"https:\/\/combiltda.com\/2021\/2023\/09\/21\/cuando-tener-en-cuenta-el-tamano-del-bano-portatil\/\" title=\"\u00bfCu\u00e1ndo tener en cuenta el tama\u00f1o del ba\u00f1o port\u00e1til?\" class=\"entry-thumbnail_overlay\">\n                            <img loading=\"lazy\" decoding=\"async\" width=\"370\" height=\"220\" class=\"img-responsive\" src=\"https:\/\/combiltda.com\/2021\/wp-content\/uploads\/2021\/03\/pjn3-with-url-1-370x220.jpg\" alt=\"\u00bfCu\u00e1ndo tener en cuenta el tama\u00f1o del ba\u00f1o port\u00e1til?\" \/>\n                        <\/a>\n                        <a data-rel=\"prettyPhoto\" href=\"https:\/\/combiltda.com\/2021\/wp-content\/uploads\/2021\/03\/pjn3-with-url-1.jpg\" class=\"prettyPhoto\"><i class=\"fa fa-expand\"><\/i><\/a>\n                      <\/div>\t\t\t\t\t\t\t\t\t\t\t<\/div>\n\t\t\t\t\t\t\t\t\t\t\t\t\t\t\t\t\t\t\t\t<div class=\"darna-post-content\">\n\t\t\t\t\t\t\t\t\t\t\t<a class=\"darna-post-title\" href=\"https:\/\/combiltda.com\/2021\/2023\/09\/21\/cuando-tener-en-cuenta-el-tamano-del-bano-portatil\/\"\n\t\t\t\t\t\t\t\t\t\t\t   rel=\"bookmark\" title=\"\u00bfCu\u00e1ndo tener en cuenta el tama\u00f1o del ba\u00f1o port\u00e1til?\">\u00bfCu\u00e1ndo tener en cuenta el tama\u00f1o del ba\u00f1o port\u00e1til?<\/a>\n\t\t\t\t\t\t\t\t\t\t\t<i class=\"fa fa-calendar\"><span>21 de septiembre de 2023<\/span><\/i>\n\t\t\t\t\t\t\t\t\t\t\t<i class=\"fa fa-user\"><span><a href=\"https:\/\/combiltda.com\/2021\/author\/combiltda\/\">Combi Admin<\/a><\/span><\/i>\n\t\t\t\t\t\t\t\t\t\t\t\t\t\t\t\t\t\t\t\t\t\t<p>Qu\u00e9 tener en cuenta antes de alquilar El alquiler de ba\u00f1os port\u00e1tiles es una soluci\u00f3n pr\u00e1ctica y asequible para proporcionar saneamiento en [...]<\/p>\n\t\t\t\t\t\t\t\t\t\t<\/div>\n\t\t\t\t\t\t\t\t\t<\/div>\n\t\t\t\t\t\t\t\t<\/div>\n\t\t\t\t\t\t\t\t\t\t\t\t\t\t\t<div class=\"col-lg-6 col-md-6 col-sm-6  col-xs-12\">\n\t\t\t\t\t\t\t\t\t<div class=\"darna-post-item margin-bottom-30\">\n\t\t\t\t\t\t\t\t\t\t\t\t\t\t\t\t\t\t\t\t\t<div class=\"darna-post-image\">\n\t\t\t\t\t\t\t\t\t\t\t\t<div class=\"entry-thumbnail\">\n                        <a href=\"https:\/\/combiltda.com\/2021\/2021\/05\/20\/bano-pjn3\/\" title=\"ALQUILER DE BA\u00d1O DE GRAN TAMA\u00d1O PJN3\" class=\"entry-thumbnail_overlay\">\n                            <img loading=\"lazy\" decoding=\"async\" width=\"370\" height=\"220\" class=\"img-responsive\" src=\"https:\/\/combiltda.com\/2021\/wp-content\/uploads\/2021\/03\/31-Experiencias-Combi-Alquiler-banos-Galeria-3-370x220.jpg\" alt=\"ALQUILER DE BA\u00d1O DE GRAN TAMA\u00d1O PJN3\" \/>\n                        <\/a>\n                        <a data-rel=\"prettyPhoto\" href=\"https:\/\/combiltda.com\/2021\/wp-content\/uploads\/2021\/03\/31-Experiencias-Combi-Alquiler-banos-Galeria-3.jpg\" class=\"prettyPhoto\"><i class=\"fa fa-expand\"><\/i><\/a>\n                      <\/div>\t\t\t\t\t\t\t\t\t\t\t<\/div>\n\t\t\t\t\t\t\t\t\t\t\t\t\t\t\t\t\t\t\t\t<div class=\"darna-post-content\">\n\t\t\t\t\t\t\t\t\t\t\t<a class=\"darna-post-title\" href=\"https:\/\/combiltda.com\/2021\/2021\/05\/20\/bano-pjn3\/\"\n\t\t\t\t\t\t\t\t\t\t\t   rel=\"bookmark\" title=\"ALQUILER DE BA\u00d1O DE GRAN TAMA\u00d1O PJN3\">ALQUILER DE BA\u00d1O DE GRAN TAMA\u00d1O PJN3<\/a>\n\t\t\t\t\t\t\t\t\t\t\t<i class=\"fa fa-calendar\"><span>20 de mayo de 2021<\/span><\/i>\n\t\t\t\t\t\t\t\t\t\t\t<i class=\"fa fa-user\"><span><a href=\"https:\/\/combiltda.com\/2021\/author\/adminweb\/\">adminweb<\/a><\/span><\/i>\n\t\t\t\t\t\t\t\t\t\t\t\t\t\t\t\t\t\t\t\t\t\t<p>[vc_row layout=\u00bbboxed\u00bb][vc_column width=\u00bb1\/2&#8243;][vc_images_carousel images=\u00bb1120,1121,1122,1128,1123,1124,1126,1127,1129&#8243; [...]<\/p>\n\t\t\t\t\t\t\t\t\t\t<\/div>\n\t\t\t\t\t\t\t\t\t<\/div>\n\t\t\t\t\t\t\t\t<\/div>\n\t\t\t\t\t\t\t\t\t\t\t\t\t\t\t<div class=\"col-lg-6 col-md-6 col-sm-6  col-xs-12\">\n\t\t\t\t\t\t\t\t\t<div class=\"darna-post-item margin-bottom-30\">\n\t\t\t\t\t\t\t\t\t\t\t\t\t\t\t\t\t\t\t\t\t<div class=\"darna-post-image\">\n\t\t\t\t\t\t\t\t\t\t\t\t<div class=\"entry-thumbnail\">\n                        <a href=\"https:\/\/combiltda.com\/2021\/2021\/05\/15\/alquiler-de-bano-flexseries\/\" title=\"alquiler de ba\u00f1os flexseries\" class=\"entry-thumbnail_overlay\">\n                            <img loading=\"lazy\" decoding=\"async\" width=\"370\" height=\"220\" class=\"img-responsive\" src=\"https:\/\/combiltda.com\/2021\/wp-content\/uploads\/2021\/03\/pjn3-ALQUILER-bano-portatiles-2021-1-370x220.jpg\" alt=\"alquiler de ba\u00f1os flexseries\" \/>\n                        <\/a>\n                        <a data-rel=\"prettyPhoto\" href=\"https:\/\/combiltda.com\/2021\/wp-content\/uploads\/2021\/03\/pjn3-ALQUILER-bano-portatiles-2021-1.jpg\" class=\"prettyPhoto\"><i class=\"fa fa-expand\"><\/i><\/a>\n                      <\/div>\t\t\t\t\t\t\t\t\t\t\t<\/div>\n\t\t\t\t\t\t\t\t\t\t\t\t\t\t\t\t\t\t\t\t<div class=\"darna-post-content\">\n\t\t\t\t\t\t\t\t\t\t\t<a class=\"darna-post-title\" href=\"https:\/\/combiltda.com\/2021\/2021\/05\/15\/alquiler-de-bano-flexseries\/\"\n\t\t\t\t\t\t\t\t\t\t\t   rel=\"bookmark\" title=\"alquiler de ba\u00f1os flexseries\">alquiler de ba\u00f1os flexseries<\/a>\n\t\t\t\t\t\t\t\t\t\t\t<i class=\"fa fa-calendar\"><span>15 de mayo de 2021<\/span><\/i>\n\t\t\t\t\t\t\t\t\t\t\t<i class=\"fa fa-user\"><span><a href=\"https:\/\/combiltda.com\/2021\/author\/control\/\">control<\/a><\/span><\/i>\n\t\t\t\t\t\t\t\t\t\t\t\t\t\t\t\t\t\t\t\t\t\t<p>El ba\u00f1o con mas espacio interior, incluido el lavamanos interior urinal antisalpicaduras Ba\u00f1o Portatil Flexeries Se utiliza agua limpia del [...]<\/p>\n\t\t\t\t\t\t\t\t\t\t<\/div>\n\t\t\t\t\t\t\t\t\t<\/div>\n\t\t\t\t\t\t\t\t<\/div>\n\t\t\t\t\t\t\t\t\t\t\t\t\t\t\t<div class=\"col-lg-6 col-md-6 col-sm-6  col-xs-12\">\n\t\t\t\t\t\t\t\t\t<div class=\"darna-post-item margin-bottom-30\">\n\t\t\t\t\t\t\t\t\t\t\t\t\t\t\t\t\t\t\t\t\t<div class=\"darna-post-image\">\n\t\t\t\t\t\t\t\t\t\t\t\t<div class=\"entry-thumbnail\">\n                        <a href=\"https:\/\/combiltda.com\/2021\/2021\/04\/15\/vision-combi\/\" title=\"VISION COMBI\" class=\"entry-thumbnail_overlay\">\n                            <img loading=\"lazy\" decoding=\"async\" width=\"370\" height=\"220\" class=\"img-responsive\" src=\"https:\/\/combiltda.com\/2021\/wp-content\/uploads\/2021\/04\/somos-combi-0-370x220.jpg\" alt=\"VISION COMBI\" \/>\n                        <\/a>\n                        <a data-rel=\"prettyPhoto\" href=\"https:\/\/combiltda.com\/2021\/wp-content\/uploads\/2021\/04\/somos-combi-0.jpg\" class=\"prettyPhoto\"><i class=\"fa fa-expand\"><\/i><\/a>\n                      <\/div>\t\t\t\t\t\t\t\t\t\t\t<\/div>\n\t\t\t\t\t\t\t\t\t\t\t\t\t\t\t\t\t\t\t\t<div class=\"darna-post-content\">\n\t\t\t\t\t\t\t\t\t\t\t<a class=\"darna-post-title\" href=\"https:\/\/combiltda.com\/2021\/2021\/04\/15\/vision-combi\/\"\n\t\t\t\t\t\t\t\t\t\t\t   rel=\"bookmark\" title=\"VISION COMBI\">VISION COMBI<\/a>\n\t\t\t\t\t\t\t\t\t\t\t<i class=\"fa fa-calendar\"><span>15 de abril de 2021<\/span><\/i>\n\t\t\t\t\t\t\t\t\t\t\t<i class=\"fa fa-user\"><span><a href=\"https:\/\/combiltda.com\/2021\/author\/adminweb\/\">adminweb<\/a><\/span><\/i>\n\t\t\t\t\t\t\t\t\t\t\t\t\t\t\t\t\t\t\t\t\t\t<p>Continuar ejerciendo como marca y empresa, al cuidado del medio ambiente con nuestras l\u00edneas de servicio para una mejor calidad de vida de nuestras [...]<\/p>\n\t\t\t\t\t\t\t\t\t\t<\/div>\n\t\t\t\t\t\t\t\t\t<\/div>\n\t\t\t\t\t\t\t\t<\/div>\n\t\t\t\t\t\t\t\t\t\t\t\t\t\t\t<div class=\"col-lg-6 col-md-6 col-sm-6  col-xs-12\">\n\t\t\t\t\t\t\t\t\t<div class=\"darna-post-item margin-bottom-30\">\n\t\t\t\t\t\t\t\t\t\t\t\t\t\t\t\t\t\t\t\t\t<div class=\"darna-post-image\">\n\t\t\t\t\t\t\t\t\t\t\t\t<div class=\"entry-thumbnail\">\n                        <a href=\"https:\/\/combiltda.com\/2021\/2021\/04\/14\/mision-combi\/\" title=\"MISI\u00d3N COMBI\" class=\"entry-thumbnail_overlay\">\n                            <img loading=\"lazy\" decoding=\"async\" width=\"370\" height=\"220\" class=\"img-responsive\" src=\"https:\/\/combiltda.com\/2021\/wp-content\/uploads\/2021\/04\/somos-combi-4-370x220.jpg\" alt=\"MISI\u00d3N COMBI\" \/>\n                        <\/a>\n                        <a data-rel=\"prettyPhoto\" href=\"https:\/\/combiltda.com\/2021\/wp-content\/uploads\/2021\/04\/somos-combi-4.jpg\" class=\"prettyPhoto\"><i class=\"fa fa-expand\"><\/i><\/a>\n                      <\/div>\t\t\t\t\t\t\t\t\t\t\t<\/div>\n\t\t\t\t\t\t\t\t\t\t\t\t\t\t\t\t\t\t\t\t<div class=\"darna-post-content\">\n\t\t\t\t\t\t\t\t\t\t\t<a class=\"darna-post-title\" href=\"https:\/\/combiltda.com\/2021\/2021\/04\/14\/mision-combi\/\"\n\t\t\t\t\t\t\t\t\t\t\t   rel=\"bookmark\" title=\"MISI\u00d3N COMBI\">MISI\u00d3N COMBI<\/a>\n\t\t\t\t\t\t\t\t\t\t\t<i class=\"fa fa-calendar\"><span>14 de abril de 2021<\/span><\/i>\n\t\t\t\t\t\t\t\t\t\t\t<i class=\"fa fa-user\"><span><a href=\"https:\/\/combiltda.com\/2021\/author\/adminweb\/\">adminweb<\/a><\/span><\/i>\n\t\t\t\t\t\t\t\t\t\t\t\t\t\t\t\t\t\t\t\t\t\t<p>Desde el a\u00f1o 1996 Colombiana de Ingenier\u00eda Combi SAS, ha trabajado en el desarrollo e innovaci\u00f3n de nuevas tecnolog\u00edas, que nos permite brindar un [...]<\/p>\n\t\t\t\t\t\t\t\t\t\t<\/div>\n\t\t\t\t\t\t\t\t\t<\/div>\n\t\t\t\t\t\t\t\t<\/div>\n\t\t\t\t\t\t\t\t\t\t\t\t\t<\/div>\n\t\t\t\t\t\t\t\t\t<\/div>\n\t\t\t[vc_empty_space height=\u00bb52px\u00bb][\/vc_column][\/vc_row]<\/p>\n","protected":false},"excerpt":{"rendered":"<p>[vc_row parallax_style=\u00bbnone\u00bb parallax_scroll_effect=\u00bbfixed\u00bb el_class=\u00bbmargin-bottom-40&#8243;][vc_column][\/vc_column][\/vc_row][vc_row parallax_style=\u00bbnone\u00bb parallax_scroll_effect=\u00bbfixed\u00bb el_class=\u00bbmargin-top-100 margin-bottom-40&#8243;][vc_column][vc_empty_space height=\u00bb35px\u00bb][vc_empty_space height=\u00bb52px\u00bb][\/vc_column][\/vc_row]<\/p>\n","protected":false},"author":2,"featured_media":0,"parent":0,"menu_order":0,"comment_status":"open","ping_status":"open","template":"","meta":{"content-type":"","footnotes":""},"yoast_head":"<!-- This site is optimized with the Yoast SEO plugin v22.1 - https:\/\/yoast.com\/wordpress\/plugins\/seo\/ -->\n<title>BLOG COMBI - Combi - Alquiler de Ba\u00f1os y Equipos<\/title>\n<meta name=\"robots\" content=\"index, follow, max-snippet:-1, max-image-preview:large, max-video-preview:-1\" \/>\n<link rel=\"canonical\" href=\"https:\/\/combiltda.com\/2021\/blog-combi\/\" \/>\n<meta property=\"og:locale\" content=\"es_ES\" \/>\n<meta property=\"og:type\" content=\"article\" \/>\n<meta property=\"og:title\" content=\"BLOG COMBI - Combi - Alquiler de Ba\u00f1os y Equipos\" \/>\n<meta property=\"og:description\" content=\"[vc_row parallax_style=\u00bbnone\u00bb parallax_scroll_effect=\u00bbfixed\u00bb el_class=\u00bbmargin-bottom-40&#8243;][vc_column][\/vc_column][\/vc_row][vc_row parallax_style=\u00bbnone\u00bb parallax_scroll_effect=\u00bbfixed\u00bb el_class=\u00bbmargin-top-100 margin-bottom-40&#8243;][vc_column][vc_empty_space height=\u00bb35px\u00bb][vc_empty_space height=\u00bb52px\u00bb][\/vc_column][\/vc_row]\" \/>\n<meta property=\"og:url\" content=\"https:\/\/combiltda.com\/2021\/blog-combi\/\" \/>\n<meta property=\"og:site_name\" content=\"Combi - Alquiler de Ba\u00f1os y Equipos\" \/>\n<meta property=\"article:modified_time\" content=\"2021-05-12T21:49:21+00:00\" \/>\n<meta name=\"twitter:card\" content=\"summary_large_image\" \/>\n<script type=\"application\/ld+json\" class=\"yoast-schema-graph\">{\"@context\":\"https:\/\/schema.org\",\"@graph\":[{\"@type\":\"WebPage\",\"@id\":\"https:\/\/combiltda.com\/2021\/blog-combi\/\",\"url\":\"https:\/\/combiltda.com\/2021\/blog-combi\/\",\"name\":\"BLOG COMBI - Combi - Alquiler de Ba\u00f1os y Equipos\",\"isPartOf\":{\"@id\":\"https:\/\/combiltda.com\/2021\/#website\"},\"datePublished\":\"2021-05-12T21:38:45+00:00\",\"dateModified\":\"2021-05-12T21:49:21+00:00\",\"breadcrumb\":{\"@id\":\"https:\/\/combiltda.com\/2021\/blog-combi\/#breadcrumb\"},\"inLanguage\":\"es\",\"potentialAction\":[{\"@type\":\"ReadAction\",\"target\":[\"https:\/\/combiltda.com\/2021\/blog-combi\/\"]}]},{\"@type\":\"BreadcrumbList\",\"@id\":\"https:\/\/combiltda.com\/2021\/blog-combi\/#breadcrumb\",\"itemListElement\":[{\"@type\":\"ListItem\",\"position\":1,\"name\":\"Portada\",\"item\":\"https:\/\/combiltda.com\/2021\/\"},{\"@type\":\"ListItem\",\"position\":2,\"name\":\"BLOG COMBI\"}]},{\"@type\":\"WebSite\",\"@id\":\"https:\/\/combiltda.com\/2021\/#website\",\"url\":\"https:\/\/combiltda.com\/2021\/\",\"name\":\"Combi - Alquiler de Ba\u00f1os y Equipos\",\"description\":\"Colombiana De Ingenier\u00eda Combi Ltda\",\"potentialAction\":[{\"@type\":\"SearchAction\",\"target\":{\"@type\":\"EntryPoint\",\"urlTemplate\":\"https:\/\/combiltda.com\/2021\/?s={search_term_string}\"},\"query-input\":\"required name=search_term_string\"}],\"inLanguage\":\"es\"}]}<\/script>\n<!-- \/ Yoast SEO plugin. -->","yoast_head_json":{"title":"BLOG COMBI - Combi - Alquiler de Ba\u00f1os y Equipos","robots":{"index":"index","follow":"follow","max-snippet":"max-snippet:-1","max-image-preview":"max-image-preview:large","max-video-preview":"max-video-preview:-1"},"canonical":"https:\/\/combiltda.com\/2021\/blog-combi\/","og_locale":"es_ES","og_type":"article","og_title":"BLOG COMBI - Combi - Alquiler de Ba\u00f1os y Equipos","og_description":"[vc_row parallax_style=\u00bbnone\u00bb parallax_scroll_effect=\u00bbfixed\u00bb el_class=\u00bbmargin-bottom-40&#8243;][vc_column][\/vc_column][\/vc_row][vc_row parallax_style=\u00bbnone\u00bb parallax_scroll_effect=\u00bbfixed\u00bb el_class=\u00bbmargin-top-100 margin-bottom-40&#8243;][vc_column][vc_empty_space height=\u00bb35px\u00bb][vc_empty_space height=\u00bb52px\u00bb][\/vc_column][\/vc_row]","og_url":"https:\/\/combiltda.com\/2021\/blog-combi\/","og_site_name":"Combi - Alquiler de Ba\u00f1os y Equipos","article_modified_time":"2021-05-12T21:49:21+00:00","twitter_card":"summary_large_image","schema":{"@context":"https:\/\/schema.org","@graph":[{"@type":"WebPage","@id":"https:\/\/combiltda.com\/2021\/blog-combi\/","url":"https:\/\/combiltda.com\/2021\/blog-combi\/","name":"BLOG COMBI - Combi - Alquiler de Ba\u00f1os y Equipos","isPartOf":{"@id":"https:\/\/combiltda.com\/2021\/#website"},"datePublished":"2021-05-12T21:38:45+00:00","dateModified":"2021-05-12T21:49:21+00:00","breadcrumb":{"@id":"https:\/\/combiltda.com\/2021\/blog-combi\/#breadcrumb"},"inLanguage":"es","potentialAction":[{"@type":"ReadAction","target":["https:\/\/combiltda.com\/2021\/blog-combi\/"]}]},{"@type":"BreadcrumbList","@id":"https:\/\/combiltda.com\/2021\/blog-combi\/#breadcrumb","itemListElement":[{"@type":"ListItem","position":1,"name":"Portada","item":"https:\/\/combiltda.com\/2021\/"},{"@type":"ListItem","position":2,"name":"BLOG COMBI"}]},{"@type":"WebSite","@id":"https:\/\/combiltda.com\/2021\/#website","url":"https:\/\/combiltda.com\/2021\/","name":"Combi - Alquiler de Ba\u00f1os y Equipos","description":"Colombiana De Ingenier\u00eda Combi Ltda","potentialAction":[{"@type":"SearchAction","target":{"@type":"EntryPoint","urlTemplate":"https:\/\/combiltda.com\/2021\/?s={search_term_string}"},"query-input":"required name=search_term_string"}],"inLanguage":"es"}]}},"_links":{"self":[{"href":"https:\/\/combiltda.com\/2021\/wp-json\/wp\/v2\/pages\/723"}],"collection":[{"href":"https:\/\/combiltda.com\/2021\/wp-json\/wp\/v2\/pages"}],"about":[{"href":"https:\/\/combiltda.com\/2021\/wp-json\/wp\/v2\/types\/page"}],"author":[{"embeddable":true,"href":"https:\/\/combiltda.com\/2021\/wp-json\/wp\/v2\/users\/2"}],"replies":[{"embeddable":true,"href":"https:\/\/combiltda.com\/2021\/wp-json\/wp\/v2\/comments?post=723"}],"version-history":[{"count":6,"href":"https:\/\/combiltda.com\/2021\/wp-json\/wp\/v2\/pages\/723\/revisions"}],"predecessor-version":[{"id":1381,"href":"https:\/\/combiltda.com\/2021\/wp-json\/wp\/v2\/pages\/723\/revisions\/1381"}],"wp:attachment":[{"href":"https:\/\/combiltda.com\/2021\/wp-json\/wp\/v2\/media?parent=723"}],"curies":[{"name":"wp","href":"https:\/\/api.w.org\/{rel}","templated":true}]}}